{"id":554,"date":"2025-07-03T23:06:43","date_gmt":"2025-07-03T23:06:43","guid":{"rendered":"https:\/\/hives.es\/?page_id=554"},"modified":"2025-07-03T23:06:43","modified_gmt":"2025-07-03T23:06:43","slug":"politica-de-envios","status":"publish","type":"page","link":"https:\/\/hives.es\/fr\/politica-de-envios\/","title":{"rendered":"Politique d'exp\u00e9dition"},"content":{"rendered":"<p>Chez&nbsp;<strong>HIVES BIO S.L<\/strong>&nbsp;nous mettons tout en \u0153uvre pour que vous receviez vos commandes le plus rapidement possible et en parfait \u00e9tat. Nos conditions d'exp\u00e9dition sont d\u00e9taill\u00e9es ci-dessous :<\/p>\n\n\n\n<p><strong>Zone de livraison :<\/strong><br>Nous livrons dans la p\u00e9ninsule ib\u00e9rique, aux Bal\u00e9ares et aux Canaries. Pour les commandes internationales, veuillez nous contacter \u00e0 l'avance.<\/p>\n\n\n\n<p><strong>D\u00e9lais de livraison :<\/strong><\/p>\n\n\n\n<p>\u2022 Espagne continentale : entre 2 et 5 jours ouvr\u00e9s.<\/p>\n\n\n\n<p>\u2022 \u00celes Bal\u00e9ares et Canaries : entre 4 et 7 jours ouvr\u00e9s.<br>Les d\u00e9lais de livraison peuvent varier en fonction des jours f\u00e9ri\u00e9s locaux, de la disponibilit\u00e9 des produits ou des circonstances logistiques.<\/p>\n\n\n\n<p><strong>Frais de livraison :<\/strong><br>Les frais de livraison sont calcul\u00e9s automatiquement lors du paiement et d\u00e9taill\u00e9s avant la confirmation de la commande. Dans certains cas, des offres de livraison gratuite peuvent \u00eatre propos\u00e9es, comme indiqu\u00e9 sur le site web.<\/p>\n\n\n\n<p><strong>Transporteur :<\/strong><br>Nous collaborons avec des prestataires logistiques de confiance pour garantir une livraison s\u00e9curis\u00e9e. Une fois votre commande exp\u00e9di\u00e9e, vous recevrez un num\u00e9ro de suivi.<\/p>\n\n\n\n<p><strong>Probl\u00e8mes de livraison :<\/strong><br>En cas de retard ou de probl\u00e8me avec votre commande, vous pouvez nous contacter \u00e0 l'adresse proyectos@hives.es ou par t\u00e9l\u00e9phone au +34<a><\/a>681979415. Si le colis pr\u00e9sente des dommages visibles \u00e0 la r\u00e9ception, veuillez l'indiquer sur le bon de livraison du transporteur et nous en informer au plus vite.<\/p>","protected":false},"excerpt":{"rendered":"<p>En&nbsp;HIVES BIO S.L&nbsp;trabajamos para que recibas tus pedidos en el menor plazo posible y en perfectas condiciones. A continuaci\u00f3n, detallamos [&hellip;]<\/p>","protected":false},"author":1,"featured_media":0,"parent":0,"menu_order":0,"comment_status":"closed","ping_status":"closed","template":"","meta":{"site-sidebar-layout":"default","site-content-layout":"","ast-site-content-layout":"default","site-content-style":"default","site-sidebar-style":"default","ast-global-header-display":"","ast-banner-title-visibility":"","ast-main-header-display":"","ast-hfb-above-header-display":"","ast-hfb-below-header-display":"","ast-hfb-mobile-header-display":"","site-post-title":"","ast-breadcrumbs-content":"","ast-featured-img":"","footer-sml-layout":"","theme-transparent-header-meta":"","adv-header-id-meta":"","stick-header-meta":"","header-above-stick-meta":"","header-main-stick-meta":"","header-below-stick-meta":"","astra-migrate-meta-layouts":"default","ast-page-background-enabled":"default","ast-page-background-meta":{"desktop":{"background-color":"var(--ast-global-color-5)","background-image":"","background-repeat":"repeat","background-position":"center center","background-size":"auto","background-attachment":"scroll","background-type":"","background-media":"","overlay-type":"","overlay-color":"","overlay-opacity":"","overlay-gradient":""},"tablet":{"background-color":"","background-image":"","background-repeat":"repeat","background-position":"center center","background-size":"auto","background-attachment":"scroll","background-type":"","background-media":"","overlay-type":"","overlay-color":"","overlay-opacity":"","overlay-gradient":""},"mobile":{"background-color":"","background-image":"","background-repeat":"repeat","background-position":"center center","background-size":"auto","background-attachment":"scroll","background-type":"","background-media":"","overlay-type":"","overlay-color":"","overlay-opacity":"","overlay-gradient":""}},"ast-content-background-meta":{"desktop":{"background-color":"var(--ast-global-color-4)","background-image":"","background-repeat":"repeat","background-position":"center center","background-size":"auto","background-attachment":"scroll","background-type":"","background-media":"","overlay-type":"","overlay-color":"","overlay-opacity":"","overlay-gradient":""},"tablet":{"background-color":"var(--ast-global-color-4)","background-image":"","background-repeat":"repeat","background-position":"center center","background-size":"auto","background-attachment":"scroll","background-type":"","background-media":"","overlay-type":"","overlay-color":"","overlay-opacity":"","overlay-gradient":""},"mobile":{"background-color":"var(--ast-global-color-4)","background-image":"","background-repeat":"repeat","background-position":"center center","background-size":"auto","background-attachment":"scroll","background-type":"","background-media":"","overlay-type":"","overlay-color":"","overlay-opacity":"","overlay-gradient":""}},"footnotes":""},"class_list":["post-554","page","type-page","status-publish","hentry"],"yoast_head":"<!-- This site is optimized with the Yoast SEO plugin v25.6 - https:\/\/yoast.com\/wordpress\/plugins\/seo\/ -->\n<title>Pol\u00edtica de Env\u00edos - Hives BIO<\/title>\n<meta name=\"robots\" content=\"index, follow, max-snippet:-1, max-image-preview:large, max-video-preview:-1\" \/>\n<link rel=\"canonical\" href=\"https:\/\/hives.es\/fr\/politica-de-envios\/\" \/>\n<meta property=\"og:locale\" content=\"fr_FR\" \/>\n<meta property=\"og:type\" content=\"article\" \/>\n<meta property=\"og:title\" content=\"Pol\u00edtica de Env\u00edos - Hives BIO\" \/>\n<meta property=\"og:description\" content=\"En&nbsp;HIVES BIO S.L&nbsp;trabajamos para que recibas tus pedidos en el menor plazo posible y en perfectas condiciones. A continuaci\u00f3n, detallamos [&hellip;]\" \/>\n<meta property=\"og:url\" content=\"https:\/\/hives.es\/fr\/politica-de-envios\/\" \/>\n<meta property=\"og:site_name\" content=\"Hives BIO\" \/>\n<meta name=\"twitter:card\" content=\"summary_large_image\" \/>\n<meta name=\"twitter:label1\" content=\"Dur\u00e9e de lecture estim\u00e9e\" \/>\n\t<meta name=\"twitter:data1\" content=\"1 minute\" \/>\n<script type=\"application\/ld+json\" class=\"yoast-schema-graph\">{\"@context\":\"https:\/\/schema.org\",\"@graph\":[{\"@type\":\"WebPage\",\"@id\":\"https:\/\/hives.es\/en\/politica-de-envios\/\",\"url\":\"https:\/\/hives.es\/en\/politica-de-envios\/\",\"name\":\"Pol\u00edtica de Env\u00edos - Hives BIO\",\"isPartOf\":{\"@id\":\"https:\/\/hives.es\/en\/#website\"},\"datePublished\":\"2025-07-03T23:06:43+00:00\",\"breadcrumb\":{\"@id\":\"https:\/\/hives.es\/en\/politica-de-envios\/#breadcrumb\"},\"inLanguage\":\"fr-FR\",\"potentialAction\":[{\"@type\":\"ReadAction\",\"target\":[\"https:\/\/hives.es\/en\/politica-de-envios\/\"]}]},{\"@type\":\"BreadcrumbList\",\"@id\":\"https:\/\/hives.es\/en\/politica-de-envios\/#breadcrumb\",\"itemListElement\":[{\"@type\":\"ListItem\",\"position\":1,\"name\":\"Portada\",\"item\":\"https:\/\/hives.es\/\"},{\"@type\":\"ListItem\",\"position\":2,\"name\":\"Pol\u00edtica de Env\u00edos\"}]},{\"@type\":\"WebSite\",\"@id\":\"https:\/\/hives.es\/en\/#website\",\"url\":\"https:\/\/hives.es\/en\/\",\"name\":\"Hives BIO\",\"description\":\"\",\"publisher\":{\"@id\":\"https:\/\/hives.es\/en\/#organization\"},\"potentialAction\":[{\"@type\":\"SearchAction\",\"target\":{\"@type\":\"EntryPoint\",\"urlTemplate\":\"https:\/\/hives.es\/en\/?s={search_term_string}\"},\"query-input\":{\"@type\":\"PropertyValueSpecification\",\"valueRequired\":true,\"valueName\":\"search_term_string\"}}],\"inLanguage\":\"fr-FR\"},{\"@type\":\"Organization\",\"@id\":\"https:\/\/hives.es\/en\/#organization\",\"name\":\"Hives BIO\",\"url\":\"https:\/\/hives.es\/en\/\",\"logo\":{\"@type\":\"ImageObject\",\"inLanguage\":\"fr-FR\",\"@id\":\"https:\/\/hives.es\/en\/#\/schema\/logo\/image\/\",\"url\":\"https:\/\/hives.es\/wp-content\/uploads\/2025\/04\/Logo-Hives-Bio-NUEVO.svg\",\"contentUrl\":\"https:\/\/hives.es\/wp-content\/uploads\/2025\/04\/Logo-Hives-Bio-NUEVO.svg\",\"caption\":\"Hives BIO\"},\"image\":{\"@id\":\"https:\/\/hives.es\/en\/#\/schema\/logo\/image\/\"}}]}<\/script>\n<!-- \/ Yoast SEO plugin. -->","yoast_head_json":{"title":"Pol\u00edtica de Env\u00edos - Hives BIO","robots":{"index":"index","follow":"follow","max-snippet":"max-snippet:-1","max-image-preview":"max-image-preview:large","max-video-preview":"max-video-preview:-1"},"canonical":"https:\/\/hives.es\/fr\/politica-de-envios\/","og_locale":"fr_FR","og_type":"article","og_title":"Pol\u00edtica de Env\u00edos - Hives BIO","og_description":"En&nbsp;HIVES BIO S.L&nbsp;trabajamos para que recibas tus pedidos en el menor plazo posible y en perfectas condiciones. A continuaci\u00f3n, detallamos [&hellip;]","og_url":"https:\/\/hives.es\/fr\/politica-de-envios\/","og_site_name":"Hives BIO","twitter_card":"summary_large_image","twitter_misc":{"Dur\u00e9e de lecture estim\u00e9e":"1 minute"},"schema":{"@context":"https:\/\/schema.org","@graph":[{"@type":"WebPage","@id":"https:\/\/hives.es\/en\/politica-de-envios\/","url":"https:\/\/hives.es\/en\/politica-de-envios\/","name":"Pol\u00edtica de Env\u00edos - Hives BIO","isPartOf":{"@id":"https:\/\/hives.es\/en\/#website"},"datePublished":"2025-07-03T23:06:43+00:00","breadcrumb":{"@id":"https:\/\/hives.es\/en\/politica-de-envios\/#breadcrumb"},"inLanguage":"fr-FR","potentialAction":[{"@type":"ReadAction","target":["https:\/\/hives.es\/en\/politica-de-envios\/"]}]},{"@type":"BreadcrumbList","@id":"https:\/\/hives.es\/en\/politica-de-envios\/#breadcrumb","itemListElement":[{"@type":"ListItem","position":1,"name":"Portada","item":"https:\/\/hives.es\/"},{"@type":"ListItem","position":2,"name":"Pol\u00edtica de Env\u00edos"}]},{"@type":"WebSite","@id":"https:\/\/hives.es\/en\/#website","url":"https:\/\/hives.es\/en\/","name":"Hives BIO","description":"","publisher":{"@id":"https:\/\/hives.es\/en\/#organization"},"potentialAction":[{"@type":"SearchAction","target":{"@type":"EntryPoint","urlTemplate":"https:\/\/hives.es\/en\/?s={search_term_string}"},"query-input":{"@type":"PropertyValueSpecification","valueRequired":true,"valueName":"search_term_string"}}],"inLanguage":"fr-FR"},{"@type":"Organization","@id":"https:\/\/hives.es\/en\/#organization","name":"Hives BIO","url":"https:\/\/hives.es\/en\/","logo":{"@type":"ImageObject","inLanguage":"fr-FR","@id":"https:\/\/hives.es\/en\/#\/schema\/logo\/image\/","url":"https:\/\/hives.es\/wp-content\/uploads\/2025\/04\/Logo-Hives-Bio-NUEVO.svg","contentUrl":"https:\/\/hives.es\/wp-content\/uploads\/2025\/04\/Logo-Hives-Bio-NUEVO.svg","caption":"Hives BIO"},"image":{"@id":"https:\/\/hives.es\/en\/#\/schema\/logo\/image\/"}}]}},"_links":{"self":[{"href":"https:\/\/hives.es\/fr\/wp-json\/wp\/v2\/pages\/554","targetHints":{"allow":["GET"]}}],"collection":[{"href":"https:\/\/hives.es\/fr\/wp-json\/wp\/v2\/pages"}],"about":[{"href":"https:\/\/hives.es\/fr\/wp-json\/wp\/v2\/types\/page"}],"author":[{"embeddable":true,"href":"https:\/\/hives.es\/fr\/wp-json\/wp\/v2\/users\/1"}],"replies":[{"embeddable":true,"href":"https:\/\/hives.es\/fr\/wp-json\/wp\/v2\/comments?post=554"}],"version-history":[{"count":1,"href":"https:\/\/hives.es\/fr\/wp-json\/wp\/v2\/pages\/554\/revisions"}],"predecessor-version":[{"id":555,"href":"https:\/\/hives.es\/fr\/wp-json\/wp\/v2\/pages\/554\/revisions\/555"}],"wp:attachment":[{"href":"https:\/\/hives.es\/fr\/wp-json\/wp\/v2\/media?parent=554"}],"curies":[{"name":"wp","href":"https:\/\/api.w.org\/{rel}","templated":true}]}}