{"id":552,"date":"2025-07-03T23:06:09","date_gmt":"2025-07-03T23:06:09","guid":{"rendered":"https:\/\/hives.es\/?page_id=552"},"modified":"2025-07-03T23:06:09","modified_gmt":"2025-07-03T23:06:09","slug":"politica-de-privacidad","status":"publish","type":"page","link":"https:\/\/hives.es\/fr\/politica-de-privacidad\/","title":{"rendered":"Politique de confidentialit\u00e9"},"content":{"rendered":"<h4 class=\"wp-block-heading\"><strong>Responsable du traitement :<\/strong><\/h4>\n\n\n\n<p>HIVES BIO S.L<br>Calle La Feria 30, Camponaraya, 24410, Le\u00f3n<br>Num\u00e9ro d'identification fiscale : B24731366<br>Courriel : proyectos@hives.es<br>T\u00e9l\u00e9phone : +34681979415<\/p>\n\n\n\n<h4 class=\"wp-block-heading\"><strong>Finalit\u00e9 du traitement des donn\u00e9es :<\/strong><\/h4>\n\n\n\n<p>Les donn\u00e9es personnelles que vous nous fournissez via nos formulaires ou lors d\u2019un achat seront utilis\u00e9es pour :<\/p>\n\n\n\n<p>\u2022 G\u00e9rer votre commande ou votre demande ;<\/p>\n\n\n\n<p>\u2022 Vous contacter si n\u00e9cessaire ;<\/p>\n\n\n\n<p>\u2022 Respecter les obligations l\u00e9gales.<\/p>\n\n\n\n<h4 class=\"wp-block-heading\"><strong>Base juridique du traitement :<\/strong><\/h4>\n\n\n\n<p>Le traitement de vos donn\u00e9es repose sur votre consentement (en cochant la case correspondante) et sur l\u2019ex\u00e9cution du contrat d\u2019achat.<\/p>\n\n\n\n<h4 class=\"wp-block-heading\"><strong>Transfert de donn\u00e9es \u00e0 des tiers :<\/strong><\/h4>\n\n\n\n<p>Vos donn\u00e9es ne seront pas transf\u00e9r\u00e9es \u00e0 des tiers, sauf obligation l\u00e9gale ou pour la bonne ex\u00e9cution du service (par exemple, des soci\u00e9t\u00e9s de messagerie ou des plateformes de paiement).<\/p>\n\n\n\n<h4 class=\"wp-block-heading\"><strong>Dur\u00e9e de conservation :<\/strong><\/h4>\n\n\n\n<p>Vos donn\u00e9es seront conserv\u00e9es pendant la dur\u00e9e n\u00e9cessaire \u00e0 la r\u00e9alisation de la finalit\u00e9 pour laquelle elles ont \u00e9t\u00e9 collect\u00e9es et pendant les dur\u00e9es requises par la l\u00e9gislation fiscale.<\/p>\n\n\n\n<h4 class=\"wp-block-heading\"><strong>Droits des utilisateurs :<\/strong><\/h4>\n\n\n\n<p>Vous pouvez exercer vos droits d\u2019acc\u00e8s, de rectification, de suppression, d\u2019opposition, de limitation du traitement et de portabilit\u00e9 en envoyant un courriel \u00e0 proyectos@hives.es, en pr\u00e9cisant clairement votre demande et en joignant une copie de votre pi\u00e8ce d\u2019identit\u00e9.<\/p>\n\n\n\n<h4 class=\"wp-block-heading\"><strong>Autorit\u00e9 de contr\u00f4le :<\/strong><\/h4>\n\n\n\n<p>Si vous estimez que vos droits en mati\u00e8re de protection des donn\u00e9es ont \u00e9t\u00e9 viol\u00e9s, vous pouvez d\u00e9poser une plainte aupr\u00e8s de l\u2019Agence Espagnole de Protection des Donn\u00e9es (www.aepd.es).<\/p>","protected":false},"excerpt":{"rendered":"<p>Responsable del tratamiento: HIVES BIO S.LCalle La Feria 30, Camponaraya, 24410, Le\u00f3nCIF: B24731366\u200bCorreo electr\u00f3nico: proyectos@hives.esTel\u00e9fono:\u00a0+34681979415 Finalidad del tratamiento de datos: [&hellip;]<\/p>","protected":false},"author":1,"featured_media":0,"parent":0,"menu_order":0,"comment_status":"closed","ping_status":"closed","template":"","meta":{"site-sidebar-layout":"default","site-content-layout":"","ast-site-content-layout":"default","site-content-style":"default","site-sidebar-style":"default","ast-global-header-display":"","ast-banner-title-visibility":"","ast-main-header-display":"","ast-hfb-above-header-display":"","ast-hfb-below-header-display":"","ast-hfb-mobile-header-display":"","site-post-title":"","ast-breadcrumbs-content":"","ast-featured-img":"","footer-sml-layout":"","theme-transparent-header-meta":"","adv-header-id-meta":"","stick-header-meta":"","header-above-stick-meta":"","header-main-stick-meta":"","header-below-stick-meta":"","astra-migrate-meta-layouts":"default","ast-page-background-enabled":"default","ast-page-background-meta":{"desktop":{"background-color":"var(--ast-global-color-5)","background-image":"","background-repeat":"repeat","background-position":"center center","background-size":"auto","background-attachment":"scroll","background-type":"","background-media":"","overlay-type":"","overlay-color":"","overlay-opacity":"","overlay-gradient":""},"tablet":{"background-color":"","background-image":"","background-repeat":"repeat","background-position":"center center","background-size":"auto","background-attachment":"scroll","background-type":"","background-media":"","overlay-type":"","overlay-color":"","overlay-opacity":"","overlay-gradient":""},"mobile":{"background-color":"","background-image":"","background-repeat":"repeat","background-position":"center center","background-size":"auto","background-attachment":"scroll","background-type":"","background-media":"","overlay-type":"","overlay-color":"","overlay-opacity":"","overlay-gradient":""}},"ast-content-background-meta":{"desktop":{"background-color":"var(--ast-global-color-4)","background-image":"","background-repeat":"repeat","background-position":"center center","background-size":"auto","background-attachment":"scroll","background-type":"","background-media":"","overlay-type":"","overlay-color":"","overlay-opacity":"","overlay-gradient":""},"tablet":{"background-color":"var(--ast-global-color-4)","background-image":"","background-repeat":"repeat","background-position":"center center","background-size":"auto","background-attachment":"scroll","background-type":"","background-media":"","overlay-type":"","overlay-color":"","overlay-opacity":"","overlay-gradient":""},"mobile":{"background-color":"var(--ast-global-color-4)","background-image":"","background-repeat":"repeat","background-position":"center center","background-size":"auto","background-attachment":"scroll","background-type":"","background-media":"","overlay-type":"","overlay-color":"","overlay-opacity":"","overlay-gradient":""}},"footnotes":""},"class_list":["post-552","page","type-page","status-publish","hentry"],"yoast_head":"<!-- This site is optimized with the Yoast SEO plugin v25.6 - https:\/\/yoast.com\/wordpress\/plugins\/seo\/ -->\n<title>Pol\u00edtica de Privacidad - Hives BIO<\/title>\n<meta name=\"robots\" content=\"index, follow, max-snippet:-1, max-image-preview:large, max-video-preview:-1\" \/>\n<link rel=\"canonical\" href=\"https:\/\/hives.es\/fr\/politica-de-privacidad\/\" \/>\n<meta property=\"og:locale\" content=\"fr_FR\" \/>\n<meta property=\"og:type\" content=\"article\" \/>\n<meta property=\"og:title\" content=\"Pol\u00edtica de Privacidad - Hives BIO\" \/>\n<meta property=\"og:description\" content=\"Responsable del tratamiento: HIVES BIO S.LCalle La Feria 30, Camponaraya, 24410, Le\u00f3nCIF: B24731366\u200bCorreo electr\u00f3nico: proyectos@hives.esTel\u00e9fono:\u00a0+34681979415 Finalidad del tratamiento de datos: [&hellip;]\" \/>\n<meta property=\"og:url\" content=\"https:\/\/hives.es\/fr\/politica-de-privacidad\/\" \/>\n<meta property=\"og:site_name\" content=\"Hives BIO\" \/>\n<meta name=\"twitter:card\" content=\"summary_large_image\" \/>\n<meta name=\"twitter:label1\" content=\"Dur\u00e9e de lecture estim\u00e9e\" \/>\n\t<meta name=\"twitter:data1\" content=\"1 minute\" \/>\n<script type=\"application\/ld+json\" class=\"yoast-schema-graph\">{\"@context\":\"https:\/\/schema.org\",\"@graph\":[{\"@type\":\"WebPage\",\"@id\":\"https:\/\/hives.es\/en\/politica-de-privacidad\/\",\"url\":\"https:\/\/hives.es\/en\/politica-de-privacidad\/\",\"name\":\"Pol\u00edtica de Privacidad - Hives BIO\",\"isPartOf\":{\"@id\":\"https:\/\/hives.es\/en\/#website\"},\"datePublished\":\"2025-07-03T23:06:09+00:00\",\"breadcrumb\":{\"@id\":\"https:\/\/hives.es\/en\/politica-de-privacidad\/#breadcrumb\"},\"inLanguage\":\"fr-FR\",\"potentialAction\":[{\"@type\":\"ReadAction\",\"target\":[\"https:\/\/hives.es\/en\/politica-de-privacidad\/\"]}]},{\"@type\":\"BreadcrumbList\",\"@id\":\"https:\/\/hives.es\/en\/politica-de-privacidad\/#breadcrumb\",\"itemListElement\":[{\"@type\":\"ListItem\",\"position\":1,\"name\":\"Portada\",\"item\":\"https:\/\/hives.es\/\"},{\"@type\":\"ListItem\",\"position\":2,\"name\":\"Pol\u00edtica de Privacidad\"}]},{\"@type\":\"WebSite\",\"@id\":\"https:\/\/hives.es\/en\/#website\",\"url\":\"https:\/\/hives.es\/en\/\",\"name\":\"Hives BIO\",\"description\":\"\",\"publisher\":{\"@id\":\"https:\/\/hives.es\/en\/#organization\"},\"potentialAction\":[{\"@type\":\"SearchAction\",\"target\":{\"@type\":\"EntryPoint\",\"urlTemplate\":\"https:\/\/hives.es\/en\/?s={search_term_string}\"},\"query-input\":{\"@type\":\"PropertyValueSpecification\",\"valueRequired\":true,\"valueName\":\"search_term_string\"}}],\"inLanguage\":\"fr-FR\"},{\"@type\":\"Organization\",\"@id\":\"https:\/\/hives.es\/en\/#organization\",\"name\":\"Hives BIO\",\"url\":\"https:\/\/hives.es\/en\/\",\"logo\":{\"@type\":\"ImageObject\",\"inLanguage\":\"fr-FR\",\"@id\":\"https:\/\/hives.es\/en\/#\/schema\/logo\/image\/\",\"url\":\"https:\/\/hives.es\/wp-content\/uploads\/2025\/04\/Logo-Hives-Bio-NUEVO.svg\",\"contentUrl\":\"https:\/\/hives.es\/wp-content\/uploads\/2025\/04\/Logo-Hives-Bio-NUEVO.svg\",\"caption\":\"Hives BIO\"},\"image\":{\"@id\":\"https:\/\/hives.es\/en\/#\/schema\/logo\/image\/\"}}]}<\/script>\n<!-- \/ Yoast SEO plugin. -->","yoast_head_json":{"title":"Pol\u00edtica de Privacidad - Hives BIO","robots":{"index":"index","follow":"follow","max-snippet":"max-snippet:-1","max-image-preview":"max-image-preview:large","max-video-preview":"max-video-preview:-1"},"canonical":"https:\/\/hives.es\/fr\/politica-de-privacidad\/","og_locale":"fr_FR","og_type":"article","og_title":"Pol\u00edtica de Privacidad - Hives BIO","og_description":"Responsable del tratamiento: HIVES BIO S.LCalle La Feria 30, Camponaraya, 24410, Le\u00f3nCIF: B24731366\u200bCorreo electr\u00f3nico: proyectos@hives.esTel\u00e9fono:\u00a0+34681979415 Finalidad del tratamiento de datos: [&hellip;]","og_url":"https:\/\/hives.es\/fr\/politica-de-privacidad\/","og_site_name":"Hives BIO","twitter_card":"summary_large_image","twitter_misc":{"Dur\u00e9e de lecture estim\u00e9e":"1 minute"},"schema":{"@context":"https:\/\/schema.org","@graph":[{"@type":"WebPage","@id":"https:\/\/hives.es\/en\/politica-de-privacidad\/","url":"https:\/\/hives.es\/en\/politica-de-privacidad\/","name":"Pol\u00edtica de Privacidad - Hives BIO","isPartOf":{"@id":"https:\/\/hives.es\/en\/#website"},"datePublished":"2025-07-03T23:06:09+00:00","breadcrumb":{"@id":"https:\/\/hives.es\/en\/politica-de-privacidad\/#breadcrumb"},"inLanguage":"fr-FR","potentialAction":[{"@type":"ReadAction","target":["https:\/\/hives.es\/en\/politica-de-privacidad\/"]}]},{"@type":"BreadcrumbList","@id":"https:\/\/hives.es\/en\/politica-de-privacidad\/#breadcrumb","itemListElement":[{"@type":"ListItem","position":1,"name":"Portada","item":"https:\/\/hives.es\/"},{"@type":"ListItem","position":2,"name":"Pol\u00edtica de Privacidad"}]},{"@type":"WebSite","@id":"https:\/\/hives.es\/en\/#website","url":"https:\/\/hives.es\/en\/","name":"Hives BIO","description":"","publisher":{"@id":"https:\/\/hives.es\/en\/#organization"},"potentialAction":[{"@type":"SearchAction","target":{"@type":"EntryPoint","urlTemplate":"https:\/\/hives.es\/en\/?s={search_term_string}"},"query-input":{"@type":"PropertyValueSpecification","valueRequired":true,"valueName":"search_term_string"}}],"inLanguage":"fr-FR"},{"@type":"Organization","@id":"https:\/\/hives.es\/en\/#organization","name":"Hives BIO","url":"https:\/\/hives.es\/en\/","logo":{"@type":"ImageObject","inLanguage":"fr-FR","@id":"https:\/\/hives.es\/en\/#\/schema\/logo\/image\/","url":"https:\/\/hives.es\/wp-content\/uploads\/2025\/04\/Logo-Hives-Bio-NUEVO.svg","contentUrl":"https:\/\/hives.es\/wp-content\/uploads\/2025\/04\/Logo-Hives-Bio-NUEVO.svg","caption":"Hives BIO"},"image":{"@id":"https:\/\/hives.es\/en\/#\/schema\/logo\/image\/"}}]}},"_links":{"self":[{"href":"https:\/\/hives.es\/fr\/wp-json\/wp\/v2\/pages\/552","targetHints":{"allow":["GET"]}}],"collection":[{"href":"https:\/\/hives.es\/fr\/wp-json\/wp\/v2\/pages"}],"about":[{"href":"https:\/\/hives.es\/fr\/wp-json\/wp\/v2\/types\/page"}],"author":[{"embeddable":true,"href":"https:\/\/hives.es\/fr\/wp-json\/wp\/v2\/users\/1"}],"replies":[{"embeddable":true,"href":"https:\/\/hives.es\/fr\/wp-json\/wp\/v2\/comments?post=552"}],"version-history":[{"count":1,"href":"https:\/\/hives.es\/fr\/wp-json\/wp\/v2\/pages\/552\/revisions"}],"predecessor-version":[{"id":553,"href":"https:\/\/hives.es\/fr\/wp-json\/wp\/v2\/pages\/552\/revisions\/553"}],"wp:attachment":[{"href":"https:\/\/hives.es\/fr\/wp-json\/wp\/v2\/media?parent=552"}],"curies":[{"name":"wp","href":"https:\/\/api.w.org\/{rel}","templated":true}]}}