{"id":338,"date":"2025-05-09T23:34:26","date_gmt":"2025-05-09T23:34:26","guid":{"rendered":"https:\/\/hives.es\/?page_id=338"},"modified":"2025-07-31T16:03:02","modified_gmt":"2025-07-31T16:03:02","slug":"noticias","status":"publish","type":"page","link":"https:\/\/hives.es\/fr\/noticias\/","title":{"rendered":"Nouvelles"},"content":{"rendered":"<div data-elementor-type=\"wp-page\" data-elementor-id=\"338\" class=\"elementor elementor-338\" data-elementor-post-type=\"page\">\n\t\t\t\t<div class=\"elementor-element elementor-element-e5d5b1c e-flex e-con-boxed e-con e-parent\" data-id=\"e5d5b1c\" data-element_type=\"container\" data-settings=\"{&quot;background_background&quot;:&quot;classic&quot;}\">\n\t\t\t\t\t<div class=\"e-con-inner\">\n\t\t<div class=\"elementor-element elementor-element-4bfd648 e-con-full e-flex e-con e-child\" data-id=\"4bfd648\" data-element_type=\"container\">\n\t\t\t\t<div class=\"elementor-element elementor-element-f83820a elementor-invisible elementor-widget elementor-widget-heading\" data-id=\"f83820a\" data-element_type=\"widget\" data-settings=\"{&quot;_animation&quot;:&quot;fadeInDown&quot;}\" data-widget_type=\"heading.default\">\n\t\t\t\t<div class=\"elementor-widget-container\">\n\t\t\t\t\t<h1 class=\"elementor-heading-title elementor-size-default\">Nouvelles<\/h1>\t\t\t\t<\/div>\n\t\t\t\t<\/div>\n\t\t\t\t<\/div>\n\t\t\t\t\t<\/div>\n\t\t\t\t<\/div>\n\t\t<div class=\"elementor-element elementor-element-bac3742 e-flex e-con-boxed e-con e-parent\" data-id=\"bac3742\" data-element_type=\"container\" data-settings=\"{&quot;background_background&quot;:&quot;classic&quot;}\">\n\t\t\t\t\t<div class=\"e-con-inner\">\n\t\t\t\t<div class=\"elementor-element elementor-element-12510e5 elementor-grid-3 elementor-grid-tablet-2 elementor-grid-mobile-1 elementor-posts--thumbnail-top elementor-widget elementor-widget-posts\" data-id=\"12510e5\" data-element_type=\"widget\" data-settings=\"{&quot;pagination_type&quot;:&quot;numbers&quot;,&quot;classic_columns&quot;:&quot;3&quot;,&quot;classic_columns_tablet&quot;:&quot;2&quot;,&quot;classic_columns_mobile&quot;:&quot;1&quot;,&quot;classic_row_gap&quot;:{&quot;unit&quot;:&quot;px&quot;,&quot;size&quot;:35,&quot;sizes&quot;:[]},&quot;classic_row_gap_tablet&quot;:{&quot;unit&quot;:&quot;px&quot;,&quot;size&quot;:&quot;&quot;,&quot;sizes&quot;:[]},&quot;classic_row_gap_mobile&quot;:{&quot;unit&quot;:&quot;px&quot;,&quot;size&quot;:&quot;&quot;,&quot;sizes&quot;:[]}}\" data-widget_type=\"posts.classic\">\n\t\t\t\t<div class=\"elementor-widget-container\">\n\t\t\t\t\t\t\t<div class=\"elementor-posts-container elementor-posts elementor-posts--skin-classic elementor-grid\" role=\"list\">\n\t\t\t\t<article class=\"elementor-post elementor-grid-item post-335 post type-post status-publish format-standard has-post-thumbnail hentry category-hives-bio\" role=\"listitem\">\n\t\t\t\t<a class=\"elementor-post__thumbnail__link\" href=\"https:\/\/hives.es\/fr\/2025\/05\/09\/la-marca-de-garantia-miel-del-bierzo-se-une-a-los-productos-de-calidad-de-castilla-y-leon\/\" tabindex=\"-1\" >\n\t\t\t<div class=\"elementor-post__thumbnail\"><img fetchpriority=\"high\" decoding=\"async\" width=\"768\" height=\"576\" src=\"https:\/\/hives.es\/wp-content\/uploads\/2025\/05\/image-1-768x576.png\" class=\"attachment-medium_large size-medium_large wp-image-336\" alt=\"\" srcset=\"https:\/\/hives.es\/wp-content\/uploads\/2025\/05\/image-1-768x576.png 768w, https:\/\/hives.es\/wp-content\/uploads\/2025\/05\/image-1-300x225.png 300w, https:\/\/hives.es\/wp-content\/uploads\/2025\/05\/image-1-600x450.png 600w, https:\/\/hives.es\/wp-content\/uploads\/2025\/05\/image-1.png 1024w\" sizes=\"(max-width: 768px) 100vw, 768px\" \/><\/div>\n\t\t<\/a>\n\t\t\t\t<div class=\"elementor-post__text\">\n\t\t\t\t<h3 class=\"elementor-post__title\">\n\t\t\t<a href=\"https:\/\/hives.es\/fr\/2025\/05\/09\/la-marca-de-garantia-miel-del-bierzo-se-une-a-los-productos-de-calidad-de-castilla-y-leon\/\" >\n\t\t\t\tLa Marque de Garantie \u00ab Miel du Bierzo \u00bb rejoints les produits de qualit\u00e9 de Castille-et-Le\u00f3n\t\t\t<\/a>\n\t\t<\/h3>\n\t\t\t\t<div class=\"elementor-post__meta-data\">\n\t\t\t\t\t<span class=\"elementor-post-date\">\n\t\t\tmai 9, 2025\t\t<\/span>\n\t\t\t\t<\/div>\n\t\t\t\t<div class=\"elementor-post__excerpt\">\n\t\t\t<p>Le gouvernement r\u00e9gional int\u00e9grera le Miel du Bierzo parmi les dix nouvelles certifications de qualit\u00e9 alimentaire, portant \u00e0 79 le nombre total de labels reconnus dans la communaut\u00e9 autonome.<\/p>\n\t\t<\/div>\n\t\t\n\t\t<a class=\"elementor-post__read-more\" href=\"https:\/\/hives.es\/fr\/2025\/05\/09\/la-marca-de-garantia-miel-del-bierzo-se-une-a-los-productos-de-calidad-de-castilla-y-leon\/\" aria-label=\"En savoir plus sur La Marca de Garant\u00eda Miel del Bierzo se une a los productos de calidad de Castilla y Le\u00f3n\" tabindex=\"-1\" >\n\t\t\tEn savoir plus\t\t<\/a>\n\n\t\t\t\t<\/div>\n\t\t\t\t<\/article>\n\t\t\t\t<article class=\"elementor-post elementor-grid-item post-331 post type-post status-publish format-standard has-post-thumbnail hentry category-hives-bio\" role=\"listitem\">\n\t\t\t\t<a class=\"elementor-post__thumbnail__link\" href=\"https:\/\/hives.es\/fr\/2025\/05\/09\/la-diputacion-de-leon-respalda-la-candidatura-de-la-miel-berciana-para-lograr-la-indicacion-geografica-protegida\/\" tabindex=\"-1\" >\n\t\t\t<div class=\"elementor-post__thumbnail\"><img decoding=\"async\" width=\"768\" height=\"576\" src=\"https:\/\/hives.es\/wp-content\/uploads\/2025\/05\/la-diputacion-de-leon-respalda-la-candidatura-de-la-miel-berciana-para-lograr-la-indicacion-geografica-protegida-el-bierzo-digital-768x576.jpg\" class=\"attachment-medium_large size-medium_large wp-image-333\" alt=\"\" srcset=\"https:\/\/hives.es\/wp-content\/uploads\/2025\/05\/la-diputacion-de-leon-respalda-la-candidatura-de-la-miel-berciana-para-lograr-la-indicacion-geografica-protegida-el-bierzo-digital-768x576.jpg 768w, https:\/\/hives.es\/wp-content\/uploads\/2025\/05\/la-diputacion-de-leon-respalda-la-candidatura-de-la-miel-berciana-para-lograr-la-indicacion-geografica-protegida-el-bierzo-digital-300x225.jpg 300w, https:\/\/hives.es\/wp-content\/uploads\/2025\/05\/la-diputacion-de-leon-respalda-la-candidatura-de-la-miel-berciana-para-lograr-la-indicacion-geografica-protegida-el-bierzo-digital-1024x768.jpg 1024w, https:\/\/hives.es\/wp-content\/uploads\/2025\/05\/la-diputacion-de-leon-respalda-la-candidatura-de-la-miel-berciana-para-lograr-la-indicacion-geografica-protegida-el-bierzo-digital-1536x1152.jpg 1536w, https:\/\/hives.es\/wp-content\/uploads\/2025\/05\/la-diputacion-de-leon-respalda-la-candidatura-de-la-miel-berciana-para-lograr-la-indicacion-geografica-protegida-el-bierzo-digital-600x450.jpg 600w, https:\/\/hives.es\/wp-content\/uploads\/2025\/05\/la-diputacion-de-leon-respalda-la-candidatura-de-la-miel-berciana-para-lograr-la-indicacion-geografica-protegida-el-bierzo-digital.jpg 1600w\" sizes=\"(max-width: 768px) 100vw, 768px\" \/><\/div>\n\t\t<\/a>\n\t\t\t\t<div class=\"elementor-post__text\">\n\t\t\t\t<h3 class=\"elementor-post__title\">\n\t\t\t<a href=\"https:\/\/hives.es\/fr\/2025\/05\/09\/la-diputacion-de-leon-respalda-la-candidatura-de-la-miel-berciana-para-lograr-la-indicacion-geografica-protegida\/\" >\n\t\t\t\tLa Diputaci\u00f3n de Le\u00f3n soutient la candidature du miel du Bierzo pour obtenir l\u2019Indication G\u00e9ographique Prot\u00e9g\u00e9e (IGP)\t\t\t<\/a>\n\t\t<\/h3>\n\t\t\t\t<div class=\"elementor-post__meta-data\">\n\t\t\t\t\t<span class=\"elementor-post-date\">\n\t\t\tmai 9, 2025\t\t<\/span>\n\t\t\t\t<\/div>\n\t\t\t\t<div class=\"elementor-post__excerpt\">\n\t\t\t<p>L\u2019institution provinciale encourage les producteurs locaux \u00e0 travailler ensemble pour obtenir cette distinction europ\u00e9enne importante, apr\u00e8s avoir d\u00e9j\u00e0<\/p>\n\t\t<\/div>\n\t\t\n\t\t<a class=\"elementor-post__read-more\" href=\"https:\/\/hives.es\/fr\/2025\/05\/09\/la-diputacion-de-leon-respalda-la-candidatura-de-la-miel-berciana-para-lograr-la-indicacion-geografica-protegida\/\" aria-label=\"En savoir plus sur La Diputaci\u00f3n de Le\u00f3n respalda la candidatura de la miel berciana para lograr la Indicaci\u00f3n Geogr\u00e1fica Protegida\" tabindex=\"-1\" >\n\t\t\tEn savoir plus\t\t<\/a>\n\n\t\t\t\t<\/div>\n\t\t\t\t<\/article>\n\t\t\t\t<article class=\"elementor-post elementor-grid-item post-328 post type-post status-publish format-standard has-post-thumbnail hentry category-hives-bio\" role=\"listitem\">\n\t\t\t\t<a class=\"elementor-post__thumbnail__link\" href=\"https:\/\/hives.es\/fr\/2025\/05\/09\/hives-bio-refuerza-su-compromiso-con-la-economia-circular\/\" tabindex=\"-1\" >\n\t\t\t<div class=\"elementor-post__thumbnail\"><img decoding=\"async\" width=\"416\" height=\"259\" src=\"https:\/\/hives.es\/wp-content\/uploads\/2025\/05\/unnamed-20.png\" class=\"attachment-medium_large size-medium_large wp-image-344\" alt=\"\" srcset=\"https:\/\/hives.es\/wp-content\/uploads\/2025\/05\/unnamed-20.png 416w, https:\/\/hives.es\/wp-content\/uploads\/2025\/05\/unnamed-20-300x187.png 300w\" sizes=\"(max-width: 416px) 100vw, 416px\" \/><\/div>\n\t\t<\/a>\n\t\t\t\t<div class=\"elementor-post__text\">\n\t\t\t\t<h3 class=\"elementor-post__title\">\n\t\t\t<a href=\"https:\/\/hives.es\/fr\/2025\/05\/09\/hives-bio-refuerza-su-compromiso-con-la-economia-circular\/\" >\n\t\t\t\tHives Bio renforce son engagement en faveur de l\u2019\u00e9conomie circulaire\t\t\t<\/a>\n\t\t<\/h3>\n\t\t\t\t<div class=\"elementor-post__meta-data\">\n\t\t\t\t\t<span class=\"elementor-post-date\">\n\t\t\tmai 9, 2025\t\t<\/span>\n\t\t\t\t<\/div>\n\t\t\t\t<div class=\"elementor-post__excerpt\">\n\t\t\t<p>Chez Hives Bio, nous poursuivons notre \u00e9volution vers un mod\u00e8le plus durable. Gr\u00e2ce au soutien d'un auditeur sp\u00e9cialis\u00e9 en \u00e9conomie circulaire, nous avons am\u00e9lior\u00e9 et \u00e9largi notre offre.<\/p>\n\t\t<\/div>\n\t\t\n\t\t<a class=\"elementor-post__read-more\" href=\"https:\/\/hives.es\/fr\/2025\/05\/09\/hives-bio-refuerza-su-compromiso-con-la-economia-circular\/\" aria-label=\"En savoir plus sur Hives Bio refuerza su compromiso con la econom\u00eda circular\" tabindex=\"-1\" >\n\t\t\tEn savoir plus\t\t<\/a>\n\n\t\t\t\t<\/div>\n\t\t\t\t<\/article>\n\t\t\t\t<article class=\"elementor-post elementor-grid-item post-326 post type-post status-publish format-standard has-post-thumbnail hentry category-hives-bio\" role=\"listitem\">\n\t\t\t\t<a class=\"elementor-post__thumbnail__link\" href=\"https:\/\/hives.es\/fr\/2025\/05\/09\/hives-bio-brilla-en-las-jornadas-taste-spain-casablanca-2024\/\" tabindex=\"-1\" >\n\t\t\t<div class=\"elementor-post__thumbnail\"><img loading=\"lazy\" decoding=\"async\" width=\"768\" height=\"358\" src=\"https:\/\/hives.es\/wp-content\/uploads\/2025\/05\/unnamed-13-768x358.jpg\" class=\"attachment-medium_large size-medium_large wp-image-345\" alt=\"\" srcset=\"https:\/\/hives.es\/wp-content\/uploads\/2025\/05\/unnamed-13-768x358.jpg 768w, https:\/\/hives.es\/wp-content\/uploads\/2025\/05\/unnamed-13-300x140.jpg 300w, https:\/\/hives.es\/wp-content\/uploads\/2025\/05\/unnamed-13-1024x478.jpg 1024w, https:\/\/hives.es\/wp-content\/uploads\/2025\/05\/unnamed-13-600x280.jpg 600w, https:\/\/hives.es\/wp-content\/uploads\/2025\/05\/unnamed-13.jpg 1385w\" sizes=\"(max-width: 768px) 100vw, 768px\" \/><\/div>\n\t\t<\/a>\n\t\t\t\t<div class=\"elementor-post__text\">\n\t\t\t\t<h3 class=\"elementor-post__title\">\n\t\t\t<a href=\"https:\/\/hives.es\/fr\/2025\/05\/09\/hives-bio-brilla-en-las-jornadas-taste-spain-casablanca-2024\/\" >\n\t\t\t\tHives Bio brille lors des Journ\u00e9es Taste Spain Casablanca 2024\t\t\t<\/a>\n\t\t<\/h3>\n\t\t\t\t<div class=\"elementor-post__meta-data\">\n\t\t\t\t\t<span class=\"elementor-post-date\">\n\t\t\tmai 9, 2025\t\t<\/span>\n\t\t\t\t<\/div>\n\t\t\t\t<div class=\"elementor-post__excerpt\">\n\t\t\t<p>Un doux succ\u00e8s Du 26 au 28 novembre 2024, notre entreprise Hives Bio a eu l'honneur de participer \u00e0 la conf\u00e9rence Taste Spain.<\/p>\n\t\t<\/div>\n\t\t\n\t\t<a class=\"elementor-post__read-more\" href=\"https:\/\/hives.es\/fr\/2025\/05\/09\/hives-bio-brilla-en-las-jornadas-taste-spain-casablanca-2024\/\" aria-label=\"En savoir plus sur Hives Bio brilla en las Jornadas Taste Spain Casablanca 2024\" tabindex=\"-1\" >\n\t\t\tEn savoir plus\t\t<\/a>\n\n\t\t\t\t<\/div>\n\t\t\t\t<\/article>\n\t\t\t\t<\/div>\n\t\t\n\t\t\t\t\t\t<\/div>\n\t\t\t\t<\/div>\n\t\t\t\t\t<\/div>\n\t\t\t\t<\/div>\n\t\t\t\t<\/div>","protected":false},"excerpt":{"rendered":"<p>Nouvelles<\/p>","protected":false},"author":1,"featured_media":0,"parent":0,"menu_order":0,"comment_status":"closed","ping_status":"closed","template":"","meta":{"site-sidebar-layout":"no-sidebar","site-content-layout":"","ast-site-content-layout":"full-width-container","site-content-style":"default","site-sidebar-style":"default","ast-global-header-display":"","ast-banner-title-visibility":"","ast-main-header-display":"","ast-hfb-above-header-display":"","ast-hfb-below-header-display":"","ast-hfb-mobile-header-display":"","site-post-title":"disabled","ast-breadcrumbs-content":"","ast-featured-img":"disabled","footer-sml-layout":"","theme-transparent-header-meta":"","adv-header-id-meta":"","stick-header-meta":"","header-above-stick-meta":"","header-main-stick-meta":"","header-below-stick-meta":"","astra-migrate-meta-layouts":"default","ast-page-background-enabled":"default","ast-page-background-meta":{"desktop":{"background-color":"var(--ast-global-color-5)","background-image":"","background-repeat":"repeat","background-position":"center center","background-size":"auto","background-attachment":"scroll","background-type":"","background-media":"","overlay-type":"","overlay-color":"","overlay-opacity":"","overlay-gradient":""},"tablet":{"background-color":"","background-image":"","background-repeat":"repeat","background-position":"center center","background-size":"auto","background-attachment":"scroll","background-type":"","background-media":"","overlay-type":"","overlay-color":"","overlay-opacity":"","overlay-gradient":""},"mobile":{"background-color":"","background-image":"","background-repeat":"repeat","background-position":"center center","background-size":"auto","background-attachment":"scroll","background-type":"","background-media":"","overlay-type":"","overlay-color":"","overlay-opacity":"","overlay-gradient":""}},"ast-content-background-meta":{"desktop":{"background-color":"var(--ast-global-color-4)","background-image":"","background-repeat":"repeat","background-position":"center center","background-size":"auto","background-attachment":"scroll","background-type":"","background-media":"","overlay-type":"","overlay-color":"","overlay-opacity":"","overlay-gradient":""},"tablet":{"background-color":"var(--ast-global-color-4)","background-image":"","background-repeat":"repeat","background-position":"center center","background-size":"auto","background-attachment":"scroll","background-type":"","background-media":"","overlay-type":"","overlay-color":"","overlay-opacity":"","overlay-gradient":""},"mobile":{"background-color":"var(--ast-global-color-4)","background-image":"","background-repeat":"repeat","background-position":"center center","background-size":"auto","background-attachment":"scroll","background-type":"","background-media":"","overlay-type":"","overlay-color":"","overlay-opacity":"","overlay-gradient":""}},"footnotes":""},"class_list":["post-338","page","type-page","status-publish","hentry"],"yoast_head":"<!-- This site is optimized with the Yoast SEO plugin v25.6 - https:\/\/yoast.com\/wordpress\/plugins\/seo\/ -->\n<title>Noticias - Hives BIO<\/title>\n<meta name=\"description\" content=\"Descubre nuestras \u00faltimas entradas.\" \/>\n<meta name=\"robots\" content=\"index, follow, max-snippet:-1, max-image-preview:large, max-video-preview:-1\" \/>\n<link rel=\"canonical\" href=\"https:\/\/hives.es\/fr\/noticias\/\" \/>\n<meta property=\"og:locale\" content=\"fr_FR\" \/>\n<meta property=\"og:type\" content=\"article\" \/>\n<meta property=\"og:title\" content=\"Noticias - Hives BIO\" \/>\n<meta property=\"og:description\" content=\"Descubre nuestras \u00faltimas entradas.\" \/>\n<meta property=\"og:url\" content=\"https:\/\/hives.es\/fr\/noticias\/\" \/>\n<meta property=\"og:site_name\" content=\"Hives BIO\" \/>\n<meta property=\"article:modified_time\" content=\"2025-07-31T16:03:02+00:00\" \/>\n<meta name=\"twitter:card\" content=\"summary_large_image\" \/>\n<meta name=\"twitter:label1\" content=\"Dur\u00e9e de lecture estim\u00e9e\" \/>\n\t<meta name=\"twitter:data1\" content=\"1 minute\" \/>\n<script type=\"application\/ld+json\" class=\"yoast-schema-graph\">{\"@context\":\"https:\/\/schema.org\",\"@graph\":[{\"@type\":\"WebPage\",\"@id\":\"https:\/\/hives.es\/en\/noticias\/\",\"url\":\"https:\/\/hives.es\/en\/noticias\/\",\"name\":\"Noticias - Hives BIO\",\"isPartOf\":{\"@id\":\"https:\/\/hives.es\/en\/#website\"},\"datePublished\":\"2025-05-09T23:34:26+00:00\",\"dateModified\":\"2025-07-31T16:03:02+00:00\",\"description\":\"Descubre nuestras \u00faltimas entradas.\",\"breadcrumb\":{\"@id\":\"https:\/\/hives.es\/en\/noticias\/#breadcrumb\"},\"inLanguage\":\"fr-FR\",\"potentialAction\":[{\"@type\":\"ReadAction\",\"target\":[\"https:\/\/hives.es\/en\/noticias\/\"]}]},{\"@type\":\"BreadcrumbList\",\"@id\":\"https:\/\/hives.es\/en\/noticias\/#breadcrumb\",\"itemListElement\":[{\"@type\":\"ListItem\",\"position\":1,\"name\":\"Portada\",\"item\":\"https:\/\/hives.es\/\"},{\"@type\":\"ListItem\",\"position\":2,\"name\":\"Noticias\"}]},{\"@type\":\"WebSite\",\"@id\":\"https:\/\/hives.es\/en\/#website\",\"url\":\"https:\/\/hives.es\/en\/\",\"name\":\"Hives BIO\",\"description\":\"\",\"publisher\":{\"@id\":\"https:\/\/hives.es\/en\/#organization\"},\"potentialAction\":[{\"@type\":\"SearchAction\",\"target\":{\"@type\":\"EntryPoint\",\"urlTemplate\":\"https:\/\/hives.es\/en\/?s={search_term_string}\"},\"query-input\":{\"@type\":\"PropertyValueSpecification\",\"valueRequired\":true,\"valueName\":\"search_term_string\"}}],\"inLanguage\":\"fr-FR\"},{\"@type\":\"Organization\",\"@id\":\"https:\/\/hives.es\/en\/#organization\",\"name\":\"Hives BIO\",\"url\":\"https:\/\/hives.es\/en\/\",\"logo\":{\"@type\":\"ImageObject\",\"inLanguage\":\"fr-FR\",\"@id\":\"https:\/\/hives.es\/en\/#\/schema\/logo\/image\/\",\"url\":\"https:\/\/hives.es\/wp-content\/uploads\/2025\/04\/Logo-Hives-Bio-NUEVO.svg\",\"contentUrl\":\"https:\/\/hives.es\/wp-content\/uploads\/2025\/04\/Logo-Hives-Bio-NUEVO.svg\",\"caption\":\"Hives BIO\"},\"image\":{\"@id\":\"https:\/\/hives.es\/en\/#\/schema\/logo\/image\/\"}}]}<\/script>\n<!-- \/ Yoast SEO plugin. -->","yoast_head_json":{"title":"Noticias - Hives BIO","description":"Descubre nuestras \u00faltimas entradas.","robots":{"index":"index","follow":"follow","max-snippet":"max-snippet:-1","max-image-preview":"max-image-preview:large","max-video-preview":"max-video-preview:-1"},"canonical":"https:\/\/hives.es\/fr\/noticias\/","og_locale":"fr_FR","og_type":"article","og_title":"Noticias - Hives BIO","og_description":"Descubre nuestras \u00faltimas entradas.","og_url":"https:\/\/hives.es\/fr\/noticias\/","og_site_name":"Hives BIO","article_modified_time":"2025-07-31T16:03:02+00:00","twitter_card":"summary_large_image","twitter_misc":{"Dur\u00e9e de lecture estim\u00e9e":"1 minute"},"schema":{"@context":"https:\/\/schema.org","@graph":[{"@type":"WebPage","@id":"https:\/\/hives.es\/en\/noticias\/","url":"https:\/\/hives.es\/en\/noticias\/","name":"Noticias - Hives BIO","isPartOf":{"@id":"https:\/\/hives.es\/en\/#website"},"datePublished":"2025-05-09T23:34:26+00:00","dateModified":"2025-07-31T16:03:02+00:00","description":"Descubre nuestras \u00faltimas entradas.","breadcrumb":{"@id":"https:\/\/hives.es\/en\/noticias\/#breadcrumb"},"inLanguage":"fr-FR","potentialAction":[{"@type":"ReadAction","target":["https:\/\/hives.es\/en\/noticias\/"]}]},{"@type":"BreadcrumbList","@id":"https:\/\/hives.es\/en\/noticias\/#breadcrumb","itemListElement":[{"@type":"ListItem","position":1,"name":"Portada","item":"https:\/\/hives.es\/"},{"@type":"ListItem","position":2,"name":"Noticias"}]},{"@type":"WebSite","@id":"https:\/\/hives.es\/en\/#website","url":"https:\/\/hives.es\/en\/","name":"Hives BIO","description":"","publisher":{"@id":"https:\/\/hives.es\/en\/#organization"},"potentialAction":[{"@type":"SearchAction","target":{"@type":"EntryPoint","urlTemplate":"https:\/\/hives.es\/en\/?s={search_term_string}"},"query-input":{"@type":"PropertyValueSpecification","valueRequired":true,"valueName":"search_term_string"}}],"inLanguage":"fr-FR"},{"@type":"Organization","@id":"https:\/\/hives.es\/en\/#organization","name":"Hives BIO","url":"https:\/\/hives.es\/en\/","logo":{"@type":"ImageObject","inLanguage":"fr-FR","@id":"https:\/\/hives.es\/en\/#\/schema\/logo\/image\/","url":"https:\/\/hives.es\/wp-content\/uploads\/2025\/04\/Logo-Hives-Bio-NUEVO.svg","contentUrl":"https:\/\/hives.es\/wp-content\/uploads\/2025\/04\/Logo-Hives-Bio-NUEVO.svg","caption":"Hives BIO"},"image":{"@id":"https:\/\/hives.es\/en\/#\/schema\/logo\/image\/"}}]}},"_links":{"self":[{"href":"https:\/\/hives.es\/fr\/wp-json\/wp\/v2\/pages\/338","targetHints":{"allow":["GET"]}}],"collection":[{"href":"https:\/\/hives.es\/fr\/wp-json\/wp\/v2\/pages"}],"about":[{"href":"https:\/\/hives.es\/fr\/wp-json\/wp\/v2\/types\/page"}],"author":[{"embeddable":true,"href":"https:\/\/hives.es\/fr\/wp-json\/wp\/v2\/users\/1"}],"replies":[{"embeddable":true,"href":"https:\/\/hives.es\/fr\/wp-json\/wp\/v2\/comments?post=338"}],"version-history":[{"count":4,"href":"https:\/\/hives.es\/fr\/wp-json\/wp\/v2\/pages\/338\/revisions"}],"predecessor-version":[{"id":343,"href":"https:\/\/hives.es\/fr\/wp-json\/wp\/v2\/pages\/338\/revisions\/343"}],"wp:attachment":[{"href":"https:\/\/hives.es\/fr\/wp-json\/wp\/v2\/media?parent=338"}],"curies":[{"name":"wp","href":"https:\/\/api.w.org\/{rel}","templated":true}]}}